{"id":308,"date":"2019-06-28T13:47:01","date_gmt":"2019-06-28T11:47:01","guid":{"rendered":"https:\/\/www.allhuman.fr\/shop\/t-shirt-all-human-africa\/"},"modified":"2020-05-25T09:45:42","modified_gmt":"2020-05-25T07:45:42","slug":"t-shirt-all-human-africa","status":"publish","type":"product","link":"https:\/\/www.allhuman.fr\/en\/shop\/t-shirt-all-human-africa\/","title":{"rendered":"All Human Africa T-shirt"},"content":{"rendered":"<ul>\n<li>Short sleeve T-shirt in sand beige color.<\/li>\n<li>Beautiful round neckline and indented that will highlight your shapes.<\/li>\n<li>Black and gold logo surrounded by rhinestones. In the center, Africa on a bronze globe.<\/li>\n<li>Pleasant, slightly stretchy material made of 95% cotton and 5% elastane.<\/li>\n<\/ul>\n<p>The All Human Africa T-shirt borrows its beige color from the desert sand. It will adapt to all styles but its glittering shine and shiny bronze logo make it an essential for an elegant and refined look.<\/p>\n<h3>Maintenance<\/h3>\n<p>Wash inside out at 30\u00b0 with similar colors.<br \/>\nGently spin-dry.<br \/>\nDry away from the sun and iron inside out to preserve the colors.<\/p>\n","protected":false},"excerpt":{"rendered":"<p>Short sleeve T-shirt in sand beige color. Beautiful round neckline and indented that will highlight your shapes. Black and gold logo surrounded by rhinestones. In the center, Africa on a bronze globe. Pleasant, slightly stretchy material made of 95% cotton and 5% elastane. The All Human Africa T-shirt borrows its beige color from the desert&#8230;  <a class=\"excerpt-read-more\" href=\"https:\/\/www.allhuman.fr\/en\/shop\/t-shirt-all-human-africa\/\" title=\"Read All Human Africa T-shirt\">Read more &raquo;<\/a><\/p>\n","protected":false},"featured_media":236,"template":"","meta":{"_acf_changed":false},"product_brand":[],"product_cat":[30],"product_tag":[],"class_list":{"0":"post-308","1":"product","2":"type-product","3":"status-publish","4":"has-post-thumbnail","6":"product_cat-t-shirts-en","8":"first","9":"instock","10":"taxable","11":"shipping-taxable","12":"purchasable","13":"product-type-variable"},"acf":[],"yoast_head":"<!-- This site is optimized with the Yoast SEO plugin v27.3 - https:\/\/yoast.com\/product\/yoast-seo-wordpress\/ -->\n<title>All Human Africa T-shirt | All Human<\/title>\n<meta name=\"robots\" content=\"index, follow, max-snippet:-1, max-image-preview:large, max-video-preview:-1\" \/>\n<link rel=\"canonical\" href=\"https:\/\/www.allhuman.fr\/en\/shop\/t-shirt-all-human-africa\/\" \/>\n<meta property=\"og:locale\" content=\"en_US\" \/>\n<meta property=\"og:type\" content=\"article\" \/>\n<meta property=\"og:title\" content=\"All Human Africa T-shirt | All Human\" \/>\n<meta property=\"og:description\" content=\"Short sleeve T-shirt in sand beige color. Beautiful round neckline and indented that will highlight your shapes. Black and gold logo surrounded by rhinestones. In the center, Africa on a bronze globe. Pleasant, slightly stretchy material made of 95% cotton and 5% elastane. The All Human Africa T-shirt borrows its beige color from the desert... Read more &raquo;\" \/>\n<meta property=\"og:url\" content=\"https:\/\/www.allhuman.fr\/en\/shop\/t-shirt-all-human-africa\/\" \/>\n<meta property=\"og:site_name\" content=\"All Human\" \/>\n<meta property=\"article:publisher\" content=\"https:\/\/www.facebook.com\/AllHumanspirit\" \/>\n<meta property=\"article:modified_time\" content=\"2020-05-25T07:45:42+00:00\" \/>\n<meta property=\"og:image\" content=\"https:\/\/www.allhuman.fr\/wp-content\/uploads\/2019\/06\/AllHuman_tshirt_beige_africa_3.jpg\" \/>\n\t<meta property=\"og:image:width\" content=\"750\" \/>\n\t<meta property=\"og:image:height\" content=\"1000\" \/>\n\t<meta property=\"og:image:type\" content=\"image\/jpeg\" \/>\n<meta name=\"twitter:card\" content=\"summary_large_image\" \/>\n<meta name=\"twitter:label1\" content=\"Est. reading time\" \/>\n\t<meta name=\"twitter:data1\" content=\"1 minute\" \/>\n<script type=\"application\/ld+json\" class=\"yoast-schema-graph\">{\"@context\":\"https:\\\/\\\/schema.org\",\"@graph\":[{\"@type\":\"WebPage\",\"@id\":\"https:\\\/\\\/www.allhuman.fr\\\/en\\\/shop\\\/t-shirt-all-human-africa\\\/\",\"url\":\"https:\\\/\\\/www.allhuman.fr\\\/en\\\/shop\\\/t-shirt-all-human-africa\\\/\",\"name\":\"All Human Africa T-shirt | All Human\",\"isPartOf\":{\"@id\":\"https:\\\/\\\/www.allhuman.fr\\\/en\\\/#website\"},\"primaryImageOfPage\":{\"@id\":\"https:\\\/\\\/www.allhuman.fr\\\/en\\\/shop\\\/t-shirt-all-human-africa\\\/#primaryimage\"},\"image\":{\"@id\":\"https:\\\/\\\/www.allhuman.fr\\\/en\\\/shop\\\/t-shirt-all-human-africa\\\/#primaryimage\"},\"thumbnailUrl\":\"https:\\\/\\\/www.allhuman.fr\\\/wp-content\\\/uploads\\\/2019\\\/06\\\/AllHuman_tshirt_beige_africa_3.jpg\",\"datePublished\":\"2019-06-28T11:47:01+00:00\",\"dateModified\":\"2020-05-25T07:45:42+00:00\",\"breadcrumb\":{\"@id\":\"https:\\\/\\\/www.allhuman.fr\\\/en\\\/shop\\\/t-shirt-all-human-africa\\\/#breadcrumb\"},\"inLanguage\":\"en-US\",\"potentialAction\":[{\"@type\":\"ReadAction\",\"target\":[\"https:\\\/\\\/www.allhuman.fr\\\/en\\\/shop\\\/t-shirt-all-human-africa\\\/\"]}]},{\"@type\":\"ImageObject\",\"inLanguage\":\"en-US\",\"@id\":\"https:\\\/\\\/www.allhuman.fr\\\/en\\\/shop\\\/t-shirt-all-human-africa\\\/#primaryimage\",\"url\":\"https:\\\/\\\/www.allhuman.fr\\\/wp-content\\\/uploads\\\/2019\\\/06\\\/AllHuman_tshirt_beige_africa_3.jpg\",\"contentUrl\":\"https:\\\/\\\/www.allhuman.fr\\\/wp-content\\\/uploads\\\/2019\\\/06\\\/AllHuman_tshirt_beige_africa_3.jpg\",\"width\":750,\"height\":1000,\"caption\":\"T-shirt All Human Africa\"},{\"@type\":\"BreadcrumbList\",\"@id\":\"https:\\\/\\\/www.allhuman.fr\\\/en\\\/shop\\\/t-shirt-all-human-africa\\\/#breadcrumb\",\"itemListElement\":[{\"@type\":\"ListItem\",\"position\":1,\"name\":\"Accueil\",\"item\":\"https:\\\/\\\/www.allhuman.fr\\\/en\\\/\"},{\"@type\":\"ListItem\",\"position\":2,\"name\":\"The All Human Shop\",\"item\":\"https:\\\/\\\/www.allhuman.fr\\\/en\\\/shop\\\/\"},{\"@type\":\"ListItem\",\"position\":3,\"name\":\"All Human Africa T-shirt\"}]},{\"@type\":\"WebSite\",\"@id\":\"https:\\\/\\\/www.allhuman.fr\\\/en\\\/#website\",\"url\":\"https:\\\/\\\/www.allhuman.fr\\\/en\\\/\",\"name\":\"All Human\",\"description\":\"Des T-shirts color\u00e9s \u00e9thiques qui d\u00e9passent les fronti\u00e8res\",\"publisher\":{\"@id\":\"https:\\\/\\\/www.allhuman.fr\\\/en\\\/#organization\"},\"potentialAction\":[{\"@type\":\"SearchAction\",\"target\":{\"@type\":\"EntryPoint\",\"urlTemplate\":\"https:\\\/\\\/www.allhuman.fr\\\/en\\\/?s={search_term_string}\"},\"query-input\":{\"@type\":\"PropertyValueSpecification\",\"valueRequired\":true,\"valueName\":\"search_term_string\"}}],\"inLanguage\":\"en-US\"},{\"@type\":\"Organization\",\"@id\":\"https:\\\/\\\/www.allhuman.fr\\\/en\\\/#organization\",\"name\":\"All Human\",\"url\":\"https:\\\/\\\/www.allhuman.fr\\\/en\\\/\",\"logo\":{\"@type\":\"ImageObject\",\"inLanguage\":\"en-US\",\"@id\":\"https:\\\/\\\/www.allhuman.fr\\\/en\\\/#\\\/schema\\\/logo\\\/image\\\/\",\"url\":\"https:\\\/\\\/www.allhuman.fr\\\/wp-content\\\/uploads\\\/2019\\\/06\\\/logo-allhuman.png\",\"contentUrl\":\"https:\\\/\\\/www.allhuman.fr\\\/wp-content\\\/uploads\\\/2019\\\/06\\\/logo-allhuman.png\",\"width\":253,\"height\":45,\"caption\":\"All Human\"},\"image\":{\"@id\":\"https:\\\/\\\/www.allhuman.fr\\\/en\\\/#\\\/schema\\\/logo\\\/image\\\/\"},\"sameAs\":[\"https:\\\/\\\/www.facebook.com\\\/AllHumanspirit\",\"https:\\\/\\\/www.instagram.com\\\/nathaliefeucht\\\/\",\"https:\\\/\\\/www.pinterest.fr\\\/nathaliefeucht\\\/\"]}]}<\/script>\n<!-- \/ Yoast SEO plugin. -->","yoast_head_json":{"title":"All Human Africa T-shirt | All Human","robots":{"index":"index","follow":"follow","max-snippet":"max-snippet:-1","max-image-preview":"max-image-preview:large","max-video-preview":"max-video-preview:-1"},"canonical":"https:\/\/www.allhuman.fr\/en\/shop\/t-shirt-all-human-africa\/","og_locale":"en_US","og_type":"article","og_title":"All Human Africa T-shirt | All Human","og_description":"Short sleeve T-shirt in sand beige color. Beautiful round neckline and indented that will highlight your shapes. Black and gold logo surrounded by rhinestones. In the center, Africa on a bronze globe. Pleasant, slightly stretchy material made of 95% cotton and 5% elastane. The All Human Africa T-shirt borrows its beige color from the desert... Read more &raquo;","og_url":"https:\/\/www.allhuman.fr\/en\/shop\/t-shirt-all-human-africa\/","og_site_name":"All Human","article_publisher":"https:\/\/www.facebook.com\/AllHumanspirit","article_modified_time":"2020-05-25T07:45:42+00:00","og_image":[{"width":750,"height":1000,"url":"https:\/\/www.allhuman.fr\/wp-content\/uploads\/2019\/06\/AllHuman_tshirt_beige_africa_3.jpg","type":"image\/jpeg"}],"twitter_card":"summary_large_image","twitter_misc":{"Est. reading time":"1 minute"},"schema":{"@context":"https:\/\/schema.org","@graph":[{"@type":"WebPage","@id":"https:\/\/www.allhuman.fr\/en\/shop\/t-shirt-all-human-africa\/","url":"https:\/\/www.allhuman.fr\/en\/shop\/t-shirt-all-human-africa\/","name":"All Human Africa T-shirt | All Human","isPartOf":{"@id":"https:\/\/www.allhuman.fr\/en\/#website"},"primaryImageOfPage":{"@id":"https:\/\/www.allhuman.fr\/en\/shop\/t-shirt-all-human-africa\/#primaryimage"},"image":{"@id":"https:\/\/www.allhuman.fr\/en\/shop\/t-shirt-all-human-africa\/#primaryimage"},"thumbnailUrl":"https:\/\/www.allhuman.fr\/wp-content\/uploads\/2019\/06\/AllHuman_tshirt_beige_africa_3.jpg","datePublished":"2019-06-28T11:47:01+00:00","dateModified":"2020-05-25T07:45:42+00:00","breadcrumb":{"@id":"https:\/\/www.allhuman.fr\/en\/shop\/t-shirt-all-human-africa\/#breadcrumb"},"inLanguage":"en-US","potentialAction":[{"@type":"ReadAction","target":["https:\/\/www.allhuman.fr\/en\/shop\/t-shirt-all-human-africa\/"]}]},{"@type":"ImageObject","inLanguage":"en-US","@id":"https:\/\/www.allhuman.fr\/en\/shop\/t-shirt-all-human-africa\/#primaryimage","url":"https:\/\/www.allhuman.fr\/wp-content\/uploads\/2019\/06\/AllHuman_tshirt_beige_africa_3.jpg","contentUrl":"https:\/\/www.allhuman.fr\/wp-content\/uploads\/2019\/06\/AllHuman_tshirt_beige_africa_3.jpg","width":750,"height":1000,"caption":"T-shirt All Human Africa"},{"@type":"BreadcrumbList","@id":"https:\/\/www.allhuman.fr\/en\/shop\/t-shirt-all-human-africa\/#breadcrumb","itemListElement":[{"@type":"ListItem","position":1,"name":"Accueil","item":"https:\/\/www.allhuman.fr\/en\/"},{"@type":"ListItem","position":2,"name":"The All Human Shop","item":"https:\/\/www.allhuman.fr\/en\/shop\/"},{"@type":"ListItem","position":3,"name":"All Human Africa T-shirt"}]},{"@type":"WebSite","@id":"https:\/\/www.allhuman.fr\/en\/#website","url":"https:\/\/www.allhuman.fr\/en\/","name":"All Human","description":"Des T-shirts color\u00e9s \u00e9thiques qui d\u00e9passent les fronti\u00e8res","publisher":{"@id":"https:\/\/www.allhuman.fr\/en\/#organization"},"potentialAction":[{"@type":"SearchAction","target":{"@type":"EntryPoint","urlTemplate":"https:\/\/www.allhuman.fr\/en\/?s={search_term_string}"},"query-input":{"@type":"PropertyValueSpecification","valueRequired":true,"valueName":"search_term_string"}}],"inLanguage":"en-US"},{"@type":"Organization","@id":"https:\/\/www.allhuman.fr\/en\/#organization","name":"All Human","url":"https:\/\/www.allhuman.fr\/en\/","logo":{"@type":"ImageObject","inLanguage":"en-US","@id":"https:\/\/www.allhuman.fr\/en\/#\/schema\/logo\/image\/","url":"https:\/\/www.allhuman.fr\/wp-content\/uploads\/2019\/06\/logo-allhuman.png","contentUrl":"https:\/\/www.allhuman.fr\/wp-content\/uploads\/2019\/06\/logo-allhuman.png","width":253,"height":45,"caption":"All Human"},"image":{"@id":"https:\/\/www.allhuman.fr\/en\/#\/schema\/logo\/image\/"},"sameAs":["https:\/\/www.facebook.com\/AllHumanspirit","https:\/\/www.instagram.com\/nathaliefeucht\/","https:\/\/www.pinterest.fr\/nathaliefeucht\/"]}]}},"_links":{"self":[{"href":"https:\/\/www.allhuman.fr\/en\/wp-json\/wp\/v2\/product\/308","targetHints":{"allow":["GET"]}}],"collection":[{"href":"https:\/\/www.allhuman.fr\/en\/wp-json\/wp\/v2\/product"}],"about":[{"href":"https:\/\/www.allhuman.fr\/en\/wp-json\/wp\/v2\/types\/product"}],"wp:featuredmedia":[{"embeddable":true,"href":"https:\/\/www.allhuman.fr\/en\/wp-json\/wp\/v2\/media\/236"}],"wp:attachment":[{"href":"https:\/\/www.allhuman.fr\/en\/wp-json\/wp\/v2\/media?parent=308"}],"wp:term":[{"taxonomy":"product_brand","embeddable":true,"href":"https:\/\/www.allhuman.fr\/en\/wp-json\/wp\/v2\/product_brand?post=308"},{"taxonomy":"product_cat","embeddable":true,"href":"https:\/\/www.allhuman.fr\/en\/wp-json\/wp\/v2\/product_cat?post=308"},{"taxonomy":"product_tag","embeddable":true,"href":"https:\/\/www.allhuman.fr\/en\/wp-json\/wp\/v2\/product_tag?post=308"}],"curies":[{"name":"wp","href":"https:\/\/api.w.org\/{rel}","templated":true}]}}