{"id":342,"date":"2021-04-01T10:36:39","date_gmt":"2021-04-01T08:36:39","guid":{"rendered":"https:\/\/www.allhuman.fr\/solidarity-project\/"},"modified":"2021-04-06T09:43:47","modified_gmt":"2021-04-06T07:43:47","slug":"solidarity-project","status":"publish","type":"page","link":"https:\/\/www.allhuman.fr\/en\/solidarity-project\/","title":{"rendered":"Solidarity project"},"content":{"rendered":"\n<h2 class=\"has-text-align-center wp-block-heading\">All Human supports the CEPAZE <img loading=\"lazy\" decoding=\"async\" width=\"75\" height=\"69\" class=\"wp-image-325\" style=\"width: 75px;\" src=\"https:\/\/www.allhuman.fr\/wp-content\/uploads\/2021\/03\/logo-cepaze.jpg\" alt=\"Logo CEPAZE\"\/><\/h2>\n\n<p>Since the birth of my project, in addition to deliver a message of humanity, a way of thinking, it has always seemed obvious and essential to me to associate it with a solidarity project.<\/p>\n\n<p>The project of the Centre d&#8217;Echanges et de Promotion des Artisans en Zones \u00e0 Equiper (CEPAZE) is to build a training center for young girls in digital textile printing in Koussan\u00e9, Mali.<\/p>\n\n<p>Today, Mali is the leading producer of cotton in Africa, but only processes 2% of it. <br\/>&#13;\nAlmost all of it is exported because there is no infrastructure to process it.&#13;\n<br\/>Contributing by facilitating the transfer of technical and technological skills while respecting their autonomy would allow Mali to transform cotton and export fabrics and finished products.<br\/>&#13;\nMoreover, thanks to digital printing, chemicals and heavy metals that are dangerous for the environment and the health of workers would be eliminated.<\/p>\n\n<p>I am proud and excited about All Human&#8217;s participation and support of this great project.<\/p>\n\n<p>I would like to thank Laurette, President of CEPAZE for her kindness and her confidence and I hope that we will move forward together in this beautiful adventure.<\/p>\n\n<p>Do not hesitate to visit their website for more information.<\/p>\n\n<div class=\"wp-block-buttons is-content-justification-center is-layout-flex wp-block-buttons-is-layout-flex\">\n<div class=\"wp-block-button\"><a class=\"wp-block-button__link\" href=\"https:\/\/www.cepaze.org\/\" target=\"_blank\" rel=\"noreferrer noopener\">I visit the CEPAZE website<\/a><\/div>\n<\/div>\n\n<div style=\"height:50px\" aria-hidden=\"true\" class=\"wp-block-spacer\"><\/div>\n\n<p class=\"has-text-align-center\" style=\"font-size:22px\">A big THANK YOU for your support<\/p>\n\n<div class=\"wp-block-image noshadow\"><figure class=\"aligncenter size-large is-resized\"><img loading=\"lazy\" decoding=\"async\" src=\"https:\/\/www.allhuman.fr\/wp-content\/uploads\/2021\/03\/t-shirt-all-human-e1617694882448.jpg\" alt=\"All Human T-shirt \" class=\"wp-image-331\" width=\"300\" height=\"400\" srcset=\"https:\/\/www.allhuman.fr\/wp-content\/uploads\/2021\/03\/t-shirt-all-human-e1617694882448.jpg 600w, https:\/\/www.allhuman.fr\/wp-content\/uploads\/2021\/03\/t-shirt-all-human-e1617694882448-278x370.jpg 278w\" sizes=\"auto, (max-width: 300px) 100vw, 300px\" \/><\/figure><\/div>\n\n<div style=\"height:10px\" aria-hidden=\"true\" class=\"wp-block-spacer\"><\/div>\n\n<p class=\"has-text-align-center harlow\" style=\"font-size:22px\"><strong>1 All Human T-shirt bought = 1 Euro donated to CEPAZE<\/strong> <img loading=\"lazy\" decoding=\"async\" width=\"75\" height=\"69\" class=\"wp-image-325\" style=\"width: 75px;\" src=\"https:\/\/www.allhuman.fr\/wp-content\/uploads\/2021\/03\/logo-cepaze.jpg\" alt=\"Logo CEPAZE\"\/><\/p>\n\n<div style=\"height:30px\" aria-hidden=\"true\" class=\"wp-block-spacer\"><\/div>\n\n<figure class=\"wp-block-gallery columns-3 is-cropped wp-block-gallery-1 is-layout-flex wp-block-gallery-is-layout-flex\"><ul class=\"blocks-gallery-grid\"><li class=\"blocks-gallery-item\"><figure><img loading=\"lazy\" decoding=\"async\" width=\"800\" height=\"600\" src=\"https:\/\/www.allhuman.fr\/wp-content\/uploads\/2021\/03\/arbre.jpg\" alt=\"\" data-id=\"327\" data-full-url=\"https:\/\/www.allhuman.fr\/wp-content\/uploads\/2021\/03\/arbre.jpg\" data-link=\"https:\/\/www.allhuman.fr\/?attachment_id=327\" class=\"wp-image-327\" srcset=\"https:\/\/www.allhuman.fr\/wp-content\/uploads\/2021\/03\/arbre.jpg 800w, https:\/\/www.allhuman.fr\/wp-content\/uploads\/2021\/03\/arbre-750x563.jpg 750w, https:\/\/www.allhuman.fr\/wp-content\/uploads\/2021\/03\/arbre-370x278.jpg 370w, https:\/\/www.allhuman.fr\/wp-content\/uploads\/2021\/03\/arbre-768x576.jpg 768w\" sizes=\"auto, (max-width: 800px) 100vw, 800px\" \/><\/figure><\/li><li class=\"blocks-gallery-item\"><figure><img loading=\"lazy\" decoding=\"async\" width=\"800\" height=\"600\" src=\"https:\/\/www.allhuman.fr\/wp-content\/uploads\/2021\/03\/tunique-cepaze.jpg\" alt=\"\" data-id=\"333\" data-full-url=\"https:\/\/www.allhuman.fr\/wp-content\/uploads\/2021\/03\/tunique-cepaze.jpg\" data-link=\"https:\/\/www.allhuman.fr\/?attachment_id=333\" class=\"wp-image-333\" srcset=\"https:\/\/www.allhuman.fr\/wp-content\/uploads\/2021\/03\/tunique-cepaze.jpg 800w, https:\/\/www.allhuman.fr\/wp-content\/uploads\/2021\/03\/tunique-cepaze-750x563.jpg 750w, https:\/\/www.allhuman.fr\/wp-content\/uploads\/2021\/03\/tunique-cepaze-370x278.jpg 370w, https:\/\/www.allhuman.fr\/wp-content\/uploads\/2021\/03\/tunique-cepaze-768x576.jpg 768w\" sizes=\"auto, (max-width: 800px) 100vw, 800px\" \/><\/figure><\/li><li class=\"blocks-gallery-item\"><figure><img loading=\"lazy\" decoding=\"async\" width=\"800\" height=\"447\" src=\"https:\/\/www.allhuman.fr\/wp-content\/uploads\/2021\/03\/enfants-mali.jpg\" alt=\"\" data-id=\"329\" data-full-url=\"https:\/\/www.allhuman.fr\/wp-content\/uploads\/2021\/03\/enfants-mali.jpg\" data-link=\"https:\/\/www.allhuman.fr\/?attachment_id=329\" class=\"wp-image-329\" srcset=\"https:\/\/www.allhuman.fr\/wp-content\/uploads\/2021\/03\/enfants-mali.jpg 800w, https:\/\/www.allhuman.fr\/wp-content\/uploads\/2021\/03\/enfants-mali-750x419.jpg 750w, https:\/\/www.allhuman.fr\/wp-content\/uploads\/2021\/03\/enfants-mali-370x207.jpg 370w, https:\/\/www.allhuman.fr\/wp-content\/uploads\/2021\/03\/enfants-mali-768x429.jpg 768w\" sizes=\"auto, (max-width: 800px) 100vw, 800px\" \/><\/figure><\/li><\/ul><\/figure>","protected":false},"excerpt":{"rendered":"<p>All Human supports the CEPAZE Since the birth of my project, in addition to deliver a message of humanity, a way of thinking, it has always seemed obvious and essential to me to associate it with a solidarity project. The project of the Centre d&#8217;Echanges et de Promotion des Artisans en Zones \u00e0 Equiper (CEPAZE)&#8230;  <a class=\"excerpt-read-more\" href=\"https:\/\/www.allhuman.fr\/en\/solidarity-project\/\" title=\"Read Solidarity project\">Read more &raquo;<\/a><\/p>\n","protected":false},"author":1,"featured_media":0,"parent":0,"menu_order":0,"comment_status":"closed","ping_status":"closed","template":"","meta":{"_acf_changed":false,"footnotes":""},"class_list":["post-342","page","type-page","status-publish","hentry"],"acf":[],"yoast_head":"<!-- This site is optimized with the Yoast SEO plugin v27.3 - https:\/\/yoast.com\/product\/yoast-seo-wordpress\/ -->\n<title>Solidarity project | All Human<\/title>\n<meta name=\"robots\" content=\"index, follow, max-snippet:-1, max-image-preview:large, max-video-preview:-1\" \/>\n<link rel=\"canonical\" href=\"https:\/\/www.allhuman.fr\/en\/solidarity-project\/\" \/>\n<meta property=\"og:locale\" content=\"en_US\" \/>\n<meta property=\"og:type\" content=\"article\" \/>\n<meta property=\"og:title\" content=\"Solidarity project | All Human\" \/>\n<meta property=\"og:description\" content=\"All Human supports the CEPAZE Since the birth of my project, in addition to deliver a message of humanity, a way of thinking, it has always seemed obvious and essential to me to associate it with a solidarity project. The project of the Centre d&#8217;Echanges et de Promotion des Artisans en Zones \u00e0 Equiper (CEPAZE)... Read more &raquo;\" \/>\n<meta property=\"og:url\" content=\"https:\/\/www.allhuman.fr\/en\/solidarity-project\/\" \/>\n<meta property=\"og:site_name\" content=\"All Human\" \/>\n<meta property=\"article:publisher\" content=\"https:\/\/www.facebook.com\/AllHumanspirit\" \/>\n<meta property=\"article:modified_time\" content=\"2021-04-06T07:43:47+00:00\" \/>\n<meta property=\"og:image\" content=\"https:\/\/www.allhuman.fr\/wp-content\/uploads\/2021\/03\/logo-cepaze.jpg\" \/>\n<meta name=\"twitter:card\" content=\"summary_large_image\" \/>\n<meta name=\"twitter:label1\" content=\"Est. reading time\" \/>\n\t<meta name=\"twitter:data1\" content=\"1 minute\" \/>\n<script type=\"application\/ld+json\" class=\"yoast-schema-graph\">{\"@context\":\"https:\\\/\\\/schema.org\",\"@graph\":[{\"@type\":\"WebPage\",\"@id\":\"https:\\\/\\\/www.allhuman.fr\\\/en\\\/solidarity-project\\\/\",\"url\":\"https:\\\/\\\/www.allhuman.fr\\\/en\\\/solidarity-project\\\/\",\"name\":\"Solidarity project | All Human\",\"isPartOf\":{\"@id\":\"https:\\\/\\\/www.allhuman.fr\\\/en\\\/#website\"},\"primaryImageOfPage\":{\"@id\":\"https:\\\/\\\/www.allhuman.fr\\\/en\\\/solidarity-project\\\/#primaryimage\"},\"image\":{\"@id\":\"https:\\\/\\\/www.allhuman.fr\\\/en\\\/solidarity-project\\\/#primaryimage\"},\"thumbnailUrl\":\"https:\\\/\\\/www.allhuman.fr\\\/wp-content\\\/uploads\\\/2021\\\/03\\\/logo-cepaze.jpg\",\"datePublished\":\"2021-04-01T08:36:39+00:00\",\"dateModified\":\"2021-04-06T07:43:47+00:00\",\"breadcrumb\":{\"@id\":\"https:\\\/\\\/www.allhuman.fr\\\/en\\\/solidarity-project\\\/#breadcrumb\"},\"inLanguage\":\"en-US\",\"potentialAction\":[{\"@type\":\"ReadAction\",\"target\":[\"https:\\\/\\\/www.allhuman.fr\\\/en\\\/solidarity-project\\\/\"]}]},{\"@type\":\"ImageObject\",\"inLanguage\":\"en-US\",\"@id\":\"https:\\\/\\\/www.allhuman.fr\\\/en\\\/solidarity-project\\\/#primaryimage\",\"url\":\"https:\\\/\\\/www.allhuman.fr\\\/wp-content\\\/uploads\\\/2021\\\/03\\\/logo-cepaze.jpg\",\"contentUrl\":\"https:\\\/\\\/www.allhuman.fr\\\/wp-content\\\/uploads\\\/2021\\\/03\\\/logo-cepaze.jpg\"},{\"@type\":\"BreadcrumbList\",\"@id\":\"https:\\\/\\\/www.allhuman.fr\\\/en\\\/solidarity-project\\\/#breadcrumb\",\"itemListElement\":[{\"@type\":\"ListItem\",\"position\":1,\"name\":\"Accueil\",\"item\":\"https:\\\/\\\/www.allhuman.fr\\\/en\\\/\"},{\"@type\":\"ListItem\",\"position\":2,\"name\":\"Solidarity project\"}]},{\"@type\":\"WebSite\",\"@id\":\"https:\\\/\\\/www.allhuman.fr\\\/en\\\/#website\",\"url\":\"https:\\\/\\\/www.allhuman.fr\\\/en\\\/\",\"name\":\"All Human\",\"description\":\"Des T-shirts color\u00e9s \u00e9thiques qui d\u00e9passent les fronti\u00e8res\",\"publisher\":{\"@id\":\"https:\\\/\\\/www.allhuman.fr\\\/en\\\/#organization\"},\"potentialAction\":[{\"@type\":\"SearchAction\",\"target\":{\"@type\":\"EntryPoint\",\"urlTemplate\":\"https:\\\/\\\/www.allhuman.fr\\\/en\\\/?s={search_term_string}\"},\"query-input\":{\"@type\":\"PropertyValueSpecification\",\"valueRequired\":true,\"valueName\":\"search_term_string\"}}],\"inLanguage\":\"en-US\"},{\"@type\":\"Organization\",\"@id\":\"https:\\\/\\\/www.allhuman.fr\\\/en\\\/#organization\",\"name\":\"All Human\",\"url\":\"https:\\\/\\\/www.allhuman.fr\\\/en\\\/\",\"logo\":{\"@type\":\"ImageObject\",\"inLanguage\":\"en-US\",\"@id\":\"https:\\\/\\\/www.allhuman.fr\\\/en\\\/#\\\/schema\\\/logo\\\/image\\\/\",\"url\":\"https:\\\/\\\/www.allhuman.fr\\\/wp-content\\\/uploads\\\/2019\\\/06\\\/logo-allhuman.png\",\"contentUrl\":\"https:\\\/\\\/www.allhuman.fr\\\/wp-content\\\/uploads\\\/2019\\\/06\\\/logo-allhuman.png\",\"width\":253,\"height\":45,\"caption\":\"All Human\"},\"image\":{\"@id\":\"https:\\\/\\\/www.allhuman.fr\\\/en\\\/#\\\/schema\\\/logo\\\/image\\\/\"},\"sameAs\":[\"https:\\\/\\\/www.facebook.com\\\/AllHumanspirit\",\"https:\\\/\\\/www.instagram.com\\\/nathaliefeucht\\\/\",\"https:\\\/\\\/www.pinterest.fr\\\/nathaliefeucht\\\/\"]}]}<\/script>\n<!-- \/ Yoast SEO plugin. -->","yoast_head_json":{"title":"Solidarity project | All Human","robots":{"index":"index","follow":"follow","max-snippet":"max-snippet:-1","max-image-preview":"max-image-preview:large","max-video-preview":"max-video-preview:-1"},"canonical":"https:\/\/www.allhuman.fr\/en\/solidarity-project\/","og_locale":"en_US","og_type":"article","og_title":"Solidarity project | All Human","og_description":"All Human supports the CEPAZE Since the birth of my project, in addition to deliver a message of humanity, a way of thinking, it has always seemed obvious and essential to me to associate it with a solidarity project. The project of the Centre d&#8217;Echanges et de Promotion des Artisans en Zones \u00e0 Equiper (CEPAZE)... Read more &raquo;","og_url":"https:\/\/www.allhuman.fr\/en\/solidarity-project\/","og_site_name":"All Human","article_publisher":"https:\/\/www.facebook.com\/AllHumanspirit","article_modified_time":"2021-04-06T07:43:47+00:00","og_image":[{"url":"https:\/\/www.allhuman.fr\/wp-content\/uploads\/2021\/03\/logo-cepaze.jpg","type":"","width":"","height":""}],"twitter_card":"summary_large_image","twitter_misc":{"Est. reading time":"1 minute"},"schema":{"@context":"https:\/\/schema.org","@graph":[{"@type":"WebPage","@id":"https:\/\/www.allhuman.fr\/en\/solidarity-project\/","url":"https:\/\/www.allhuman.fr\/en\/solidarity-project\/","name":"Solidarity project | All Human","isPartOf":{"@id":"https:\/\/www.allhuman.fr\/en\/#website"},"primaryImageOfPage":{"@id":"https:\/\/www.allhuman.fr\/en\/solidarity-project\/#primaryimage"},"image":{"@id":"https:\/\/www.allhuman.fr\/en\/solidarity-project\/#primaryimage"},"thumbnailUrl":"https:\/\/www.allhuman.fr\/wp-content\/uploads\/2021\/03\/logo-cepaze.jpg","datePublished":"2021-04-01T08:36:39+00:00","dateModified":"2021-04-06T07:43:47+00:00","breadcrumb":{"@id":"https:\/\/www.allhuman.fr\/en\/solidarity-project\/#breadcrumb"},"inLanguage":"en-US","potentialAction":[{"@type":"ReadAction","target":["https:\/\/www.allhuman.fr\/en\/solidarity-project\/"]}]},{"@type":"ImageObject","inLanguage":"en-US","@id":"https:\/\/www.allhuman.fr\/en\/solidarity-project\/#primaryimage","url":"https:\/\/www.allhuman.fr\/wp-content\/uploads\/2021\/03\/logo-cepaze.jpg","contentUrl":"https:\/\/www.allhuman.fr\/wp-content\/uploads\/2021\/03\/logo-cepaze.jpg"},{"@type":"BreadcrumbList","@id":"https:\/\/www.allhuman.fr\/en\/solidarity-project\/#breadcrumb","itemListElement":[{"@type":"ListItem","position":1,"name":"Accueil","item":"https:\/\/www.allhuman.fr\/en\/"},{"@type":"ListItem","position":2,"name":"Solidarity project"}]},{"@type":"WebSite","@id":"https:\/\/www.allhuman.fr\/en\/#website","url":"https:\/\/www.allhuman.fr\/en\/","name":"All Human","description":"Des T-shirts color\u00e9s \u00e9thiques qui d\u00e9passent les fronti\u00e8res","publisher":{"@id":"https:\/\/www.allhuman.fr\/en\/#organization"},"potentialAction":[{"@type":"SearchAction","target":{"@type":"EntryPoint","urlTemplate":"https:\/\/www.allhuman.fr\/en\/?s={search_term_string}"},"query-input":{"@type":"PropertyValueSpecification","valueRequired":true,"valueName":"search_term_string"}}],"inLanguage":"en-US"},{"@type":"Organization","@id":"https:\/\/www.allhuman.fr\/en\/#organization","name":"All Human","url":"https:\/\/www.allhuman.fr\/en\/","logo":{"@type":"ImageObject","inLanguage":"en-US","@id":"https:\/\/www.allhuman.fr\/en\/#\/schema\/logo\/image\/","url":"https:\/\/www.allhuman.fr\/wp-content\/uploads\/2019\/06\/logo-allhuman.png","contentUrl":"https:\/\/www.allhuman.fr\/wp-content\/uploads\/2019\/06\/logo-allhuman.png","width":253,"height":45,"caption":"All Human"},"image":{"@id":"https:\/\/www.allhuman.fr\/en\/#\/schema\/logo\/image\/"},"sameAs":["https:\/\/www.facebook.com\/AllHumanspirit","https:\/\/www.instagram.com\/nathaliefeucht\/","https:\/\/www.pinterest.fr\/nathaliefeucht\/"]}]}},"_links":{"self":[{"href":"https:\/\/www.allhuman.fr\/en\/wp-json\/wp\/v2\/pages\/342","targetHints":{"allow":["GET"]}}],"collection":[{"href":"https:\/\/www.allhuman.fr\/en\/wp-json\/wp\/v2\/pages"}],"about":[{"href":"https:\/\/www.allhuman.fr\/en\/wp-json\/wp\/v2\/types\/page"}],"author":[{"embeddable":true,"href":"https:\/\/www.allhuman.fr\/en\/wp-json\/wp\/v2\/users\/1"}],"replies":[{"embeddable":true,"href":"https:\/\/www.allhuman.fr\/en\/wp-json\/wp\/v2\/comments?post=342"}],"version-history":[{"count":2,"href":"https:\/\/www.allhuman.fr\/en\/wp-json\/wp\/v2\/pages\/342\/revisions"}],"predecessor-version":[{"id":350,"href":"https:\/\/www.allhuman.fr\/en\/wp-json\/wp\/v2\/pages\/342\/revisions\/350"}],"wp:attachment":[{"href":"https:\/\/www.allhuman.fr\/en\/wp-json\/wp\/v2\/media?parent=342"}],"curies":[{"name":"wp","href":"https:\/\/api.w.org\/{rel}","templated":true}]}}