{"id":279,"date":"2019-06-26T17:35:59","date_gmt":"2019-06-26T15:35:59","guid":{"rendered":"https:\/\/www.allhuman.fr\/protection-des-donnees\/"},"modified":"2021-06-30T11:54:50","modified_gmt":"2021-06-30T09:54:50","slug":"data-protection-policy","status":"publish","type":"page","link":"https:\/\/www.allhuman.fr\/en\/data-protection-policy\/","title":{"rendered":"Data protection Policy"},"content":{"rendered":"\n<h2 class=\"wp-block-heading\">Introduction<\/h2>\n\n<p>With the development of new communication tools, it is necessary to pay particular attention to the protection of privacy. This is why we are committed to respecting the confidentiality of the personal information we collect.<\/p>\n\n<h2 class=\"wp-block-heading\">Glossary<\/h2>\n\n<p><strong>User<\/strong>: Internet user connecting, using the\u00a0www.allhuman.fr\u00a0website.<\/p>\n\n<p><strong>Personal information<\/strong>: &#8220;information that allows, in any form whatsoever, directly or indirectly, the identification of the natural persons to which it applies&#8221; (article 4 of law no. 78-17 of 6 January 1978).<\/p>\n\n<h2 class=\"wp-block-heading\">USE OF PERSONAL DATA COLLECTED<\/h2>\n\n<h3 class=\"wp-block-heading\">Online sale<\/h3>\n\n<p>Here is the information we collect when you place an order or create an account on the site:<\/p>\n\n<ul class=\"wp-block-list\"><li>Name<\/li><li>First name<\/li><li>Country<\/li><li>Number and street name<\/li><li>Postal Code<\/li><li>City<\/li><li>Phone<\/li><li>Email address<\/li><\/ul>\n<p>This information will be used for :<\/p>\n\n<ul class=\"wp-block-list\"><li>Send you information about your account and order<\/li><li>Send you the order<\/li><li>Responding to requests, including refunds and complaints<\/li><li>Processing payments and preventing fraud<\/li><li>Set up your account on our shop<\/li><li>Comply with any legal obligations<\/li><\/ul>\n<p>If you create an account, we store your personal information to pre-populate your information for future orders.<\/p>\n\n<p>For Users who register on our site, we also store the personal data indicated in their profile. All Users may view, modify or delete their personal information at any time (except for their username). Site managers can also view and modify this information.<\/p>\n\n<p>We generally store your information for as long as we need it for the purpose for which we collect and use it, and we are not legally obliged to continue to store it. For example, we store completed order information for 6 years for tax and accounting purposes. This includes your name, email address, and billing and shipping addresses. Pending order information and inactive accounts are kept for 3 years. Failed or canceled order information is kept for 1 year.<\/p>\n\n<p>Your purchase history is kept on the site in order to provide you with after-sales service.<\/p>\n\n<p>We retrieve your location, IP address and the type of browser you use for tax and shipping estimates.<\/p>\n\n<h3 class=\"wp-block-heading\">FOLLOW-UP FOR ONLINE SALES<\/h3>\n\n<p>We track the contents of the shopping cart while you browse our site, so you can simply order !<\/p>\n\n<h3 class=\"wp-block-heading\">WHO ON OUR TEAM HAS ACCESS TO THE DATA<\/h3>\n\n<p>Members of our team have access to the information you provide. For example, store administrators and managers have access to :<\/p>\n\n<ul class=\"wp-block-list\"><li>Order information such as what was purchased, when and where it is to be shipped,<\/li><li>Customer information such as your name, email address and billing and shipping information.<\/li><\/ul>\n<p>Our team has access to this information to process orders, issue refunds and assist you.<\/p>\n\n<h3 class=\"wp-block-heading\">CONTACT FORM<\/h3>\n\n<p>The personal data collected via the contact form are as follows:<\/p>\n\n<ul class=\"wp-block-list\"><li>Name and surname<\/li><li>Email address<\/li><\/ul>\n<p>They are only transmitted by email and can be stored for a maximum of 3 years (6 years if you have a contractual relationship with All Human). The data is simply used to answer your request sent via the form and is not transmitted to any other organisation.<\/p>\n\n<h3 class=\"wp-block-heading\">Newsletter subscription<\/h3>\n\n<p>When subscribing to our newsletter, the personal information provided by the User (e-mail address), is stored in All Human&#8217;s contact database and transmitted to MailPoet, a third party list management and e-mailing service. By subscribing to our newsletter, you agree that the information you provide will be transferred to MailPoet (a company located in the United States) for processing in accordance with their privacy policy and terms of use.&#13;\n<a href=\"https:\/\/automattic.com\/privacy\/\" target=\"_blank\" rel=\"noreferrer noopener\">Read MailPoet&#8217;s privacy policy<\/a><\/p>\n\n<p>The personal information collected may be used to send you promotional or informational content from All Human. This personal information is stored until the User unsubscribes from the mailing list.<\/p>\n\n<p>If you have subscribed to our newsletter, you can unsubscribe from our mailing list at any time by clicking on the link in each newsletter.<\/p>\n\n<h3 class=\"wp-block-heading\">STATISTICS AND AUDIENCE MEASUREMENTS<\/h3>\n\n<p>This website uses cookies (in particular Google Analytics).&#13;\n&#13;\nGoogle Analytics may also collect your IP address. However, your IP address is anonymised before it is transmitted to Google Analytics (last two bytes of the IP address set to 0).&#13;\n&#13;\nCookies are used to measure the number of visitors to the website and to compile statistics on the use of the website (e.g. the content or pages you visit). This data helps to improve the ergonomics of the All Human website.<\/p>\n\n<p><a href=\"https:\/\/support.google.com\/analytics\/answer\/6004245?hl=fr&amp;amp;utm_id=ad\" target=\"_blank\" rel=\"noopener\">See the data protection policy of Google Analytics.<\/a><\/p>\n\n<h3 class=\"wp-block-heading\">SITE SECURITY<\/h3>\n\n<p>The site allhuman.fr uses Wordfence as a security system. This plugin automatically reads the IP addresses of visitors to the site, with the aim of reporting malicious attacks against the allhuman.fr site and countering them if necessary (spacing out connection attempts, etc.). This IP address can be sent to Wordfence&#8217;s servers, located in the United States, if the behaviour followed has been detected as malicious (for example: the IP address follows a pattern typically used by hackers, hacking attempts have been identified on the site, attempt to access the site administration with an unrecognized identifier, &#8230;). In the case of normal use of the allhuman.fr website, your IP address will not be transmitted to Wordfence.<\/p>\n\n<p><a href=\"https:\/\/www.wordfence.com\/privacy-policy\/\" target=\"_blank\" rel=\"noreferrer noopener\">Consult Wordfence&#8217;s privacy policy.<\/a><br\/><a href=\"https:\/\/www.allhuman.fr\/wp-content\/uploads\/2019\/08\/dpa_wordfence.pdf\" target=\"_blank\" rel=\"noreferrer noopener\" aria-label=\"See the data processing contract between All Human and Wordfence.\">See the data processing contract between All Human and Wordfence.<\/a><\/p>\n\n<h3 class=\"wp-block-heading\">EMBEDDED CONTENT FROM OTHER SITES<\/h3>\n\n<p>Articles on this site may include embedded content (e.g. videos, images, articles&#8230;). Content embedded from other sites behaves in the same way as if the visitor were visiting that other site.<\/p>\n\n<p>These websites may collect data about you, use cookies, embed third-party tracking tools, track your interactions with such embedded content if you have an account connected to their website.<\/p>\n\n<h3 class=\"wp-block-heading\">USE AND TRANSMISSION OF YOUR PERSONAL DATA<\/h3>\n\n<p>We may share your data with the services we use on the site (as described above):<\/p>\n\n<ul class=\"wp-block-list\"><li>MailPoet (newsletter sending) \u2013 located in the United States<br\/><a href=\"https:\/\/automattic.com\/privacy\/\" target=\"_blank\" rel=\"noreferrer noopener\">See the privacy policy<\/a><\/li><li>Google Analytics (audience measurement) &#8211; located in the United States of America<br\/><a href=\"https:\/\/support.google.com\/analytics\/answer\/6004245?hl=fr&amp;utm_id=ad\" target=\"_blank\" rel=\"noreferrer noopener\">View Privacy Policy<\/a><\/li><li>Wordfence (security plugin) &#8211; located in the USA&#13;\n<a href=\"https:\/\/www.wordfence.com\/privacy-policy\/\" target=\"_blank\" rel=\"noreferrer noopener\">View Privacy Policy<\/a>&#13;\n<a href=\"https:\/\/www.allhuman.fr\/wp-content\/uploads\/2019\/08\/dpa_wordfence.pdf\" target=\"_blank\" rel=\"noreferrer noopener\" aria-label=\"See the data processing contract between All Human and Wordfence\">See the data processing contract between All Human and Wordfence<\/a><\/li><\/ul>\n<h3 class=\"wp-block-heading\">COOKIES<\/h3>\n\n<p>A cookie is a small text file that websites save on your device (computer, tablet or mobile device) when you visit them. It allows these sites to record your actions and preferences for a specified period of time.<\/p>\n\n<p>The All Human site uses cookies for statistical purposes in order to obtain measurements of traffic, to learn about visitor behaviour and to improve their experience on the site.<\/p>\n\n<p>The following cookies may be set during your visit to the All Human site:<\/p>\n<table class=\"wp-block-table table-responsive\"><thead><tr><th width=\"233\">Name<\/th>\r\n<th width=\"245\">Description<\/th>\r\n<th width=\"133\">Expiration date<\/th>\r\n<\/tr><\/thead><tbody><tr><td data-title=\"Name\">_ga<\/td>\r\n<td data-title=\"Description\">Cookie Analytics, used for statistical purposes\r\nRegisters a unique identifier used to generate statistical data on how the visitor uses the site.\r\n<\/td>\r\n<td data-title=\"Expiration date\">13 months<\/td>\r\n<\/tr><tr><td data-title=\"Name\">_gat<\/td>\r\n<td data-title=\"Description\">Cookie Analytics, used for statistical purposes\r\nUsed by Google Analytics to drastically decrease the query rate\r\n<\/td>\r\n<td data-title=\"Expiration date\">1 minute<\/td>\r\n<\/tr><tr><td data-title=\"Name\">_gid<\/td>\r\n<td data-title=\"Description\">Cookie Analytics, used for statistical purposes\r\nRegisters a unique identifier used to generate statistical data on how the visitor uses the site.\r\n<\/td>\r\n<td data-title=\"Expiration date\">1 day<\/td>\r\n<\/tr><tr><td data-title=\"Name\">woocommerce_cart_hash<\/td>\r\n<td data-title=\"Description\">Cookie technique Woocommerce.\r\nAllows you to save your cart information and detect when a change is made.<\/td>\r\n<td data-title=\"Expiration date\">Until 30 days<\/td>\r\n<\/tr><tr><td data-title=\"Name\">woocommerce_items_in_cart<\/td>\r\n<td data-title=\"Description\">Cookie technique Woocommerce.\r\nAllows you to save your cart information and detect when a change is made.<\/td>\r\n<td data-title=\"Expiration date\">Until 30 days<\/td>\r\n<\/tr><tr><td data-title=\"Name\">wp_woocommerce_session<\/td>\r\n<td data-title=\"Description\">Cookie technique Woocommerce. Contains a unique code to retrieve the contents of each customer&#8217;s cart.<\/td>\r\n<td data-title=\"Expiration date\">2 days<\/td>\r\n<\/tr><tr><td data-title=\"Name\">wordpress_test_cookie<\/td>\r\n<td data-title=\"Description\">WordPress technical cookie.\r\nDetermines whether the browser is set to accept or reject cookies.<\/td>\r\n<td data-title=\"Expiration date\">Session<\/td>\r\n<\/tr><tr><td data-title=\"Name\">wordpress_logged_in_<\/td>\r\n<td data-title=\"Description\">WordPress technical cookie.\r\nCreated when a user logs in.<\/td>\r\n<td data-title=\"Expiration date\">Session<\/td>\r\n<\/tr><tr><td data-title=\"Name\">wordpress_sec_<\/td>\r\n<td data-title=\"Description\">WordPress technical cookie.\r\nUsed for SSL connection. The cookie records the connection details.<\/td>\r\n<td data-title=\"Expiration date\">Session<\/td>\r\n<\/tr><tr><td data-title=\"Nom\">\r\npopup_form_dismissed\r\n  <\/td><td data-title=\"Description\">Technical cookie.<br\/>Allows you to remember your choice not to display the site pop-up.<\/td><td data-title=\"Date d'expiration\">\r\n1 year\r\n  <\/td><\/tr><tr><td data-title=\"Name\">tarteaucitron<\/td>\r\n<td data-title=\"Description\">Technical Cookie.\r\nMemorizes your consent or opposition to the deposit of cookies.<\/td>\r\n<td data-title=\"Expiration date\">1 year<\/td>\r\n<\/tr><\/tbody><\/table>\n<p>When you log on to the site, we will set a number of cookies to record your login information and screen preferences. The lifetime of a login cookie is two days, and the lifetime of a screen option cookie is one year. If you check &#8220;Remember me&#8221;, your login cookie will be stored for two weeks. If you log out of your account, the login cookie will be deleted.<\/p>\n\n<h4 class=\"wp-block-heading\">Consent Management<\/h4>\n\n<p>You can easily consent or oppose the deposit of cookies on this site. To consent to the placing of cookies, click on the &#8220;OK, accept all&#8221; button in the banner at the bottom of the screen (this is not visible if you have already consented or have continued browsing the site). To change your choice, use the &#8220;Cookie Management&#8221; button at the bottom of the page.&#13;\nThis does not apply to technical cookies, which are exempt from consent.<\/p>\n\n<p>However, you can control the deposit of all cookies as you wish. It is possible to delete all cookies already stored on your computer and to configure the main web browsers to block them. However, in this case, you may have to indicate certain preferences yourself each time you visit a site, and some services and features may not be accessible.<\/p>\n\n<p>You can configure your computer as follows to refuse the installation of cookies:<\/p>\n\n<ul class=\"wp-block-list\"><li><strong>Under Internet Explorer:<\/strong> tool tab (gear icon in the top right-hand corner) \/ internet options. Click on Confidentiality, then on Advanced and choose &#8220;Refuse&#8221; on the two radio buttons displayed. Validate by clicking on OK.<\/li><li><strong>Under Firefox<\/strong>: at the top of the browser window, click on the menu icon (symbolized by three bars), then go to the Options tab. Click on the Privacy and Security tab. Check the radio button &#8220;Block cookies and site data (may prevent some sites from working)&#8221;.<\/li><li><strong>Under Safari:<\/strong> Click on the menu pictogram (symbolized by a cog) at the top right of the browser. Select Preferences. In the &#8220;Privacy&#8221; section, choose the &#8220;Always&#8221; button after &#8220;Block Cookies&#8221;.<\/li><li><strong>Under Chrome<\/strong>: Click on the menu icon in the upper right-hand corner of the browser (symbolized by a three-point symbol). Select Settings. Click on Show Advanced Settings. In the &#8220;Privacy&#8221; section, click on Preferences. In the &#8220;Privacy&#8221; tab, you can block cookies.<\/li><\/ul>\n<h3 class=\"wp-block-heading\">RIGHT OF ACCESS AND DELETION OF PERSONAL DATA<\/h3>\n\n<p>If you have an account, you can request to receive a file containing all the personal data we hold about you, including the data you have provided us with. You may also request the deletion of your personal data. This does not include data stored for administrative, legal or security purposes.<\/p>\n\n<h3 class=\"wp-block-heading\">CONTACT INFORMATION<\/h3>\n\n<p>You can write to us at 52 rue de la Bruy\u00e8re, 67400 Illkirch. You can also contact us by mail at\u00a0<a href=\"mailto:contact@allhuman.fr\">contact@allhuman.fr<\/a>.<\/p>\n\n<h3 class=\"wp-block-heading\">HOW WE PROTECT YOUR DATA<\/h3>\n\n<p>The data transiting through the site is secured to guarantee your confidentiality. Our site is secured thanks to the HTTPS protocol. Access to the site&#8217;s back office is protected through the use of complex passwords. The mailbox receiving the data from the contact forms is also highly secured. Finally, we use a security plugin in order to protect your data as well as possible.<\/p>\n","protected":false},"excerpt":{"rendered":"<p>Introduction With the development of new communication tools, it is necessary to pay particular attention to the protection of privacy. This is why we are committed to respecting the confidentiality of the personal information we collect. Glossary User: Internet user connecting, using the\u00a0www.allhuman.fr\u00a0website. Personal information: &#8220;information that allows, in any form whatsoever, directly or indirectly,&#8230;  <a class=\"excerpt-read-more\" href=\"https:\/\/www.allhuman.fr\/en\/data-protection-policy\/\" title=\"Read Data protection Policy\">Read more &raquo;<\/a><\/p>\n","protected":false},"author":1,"featured_media":0,"parent":0,"menu_order":0,"comment_status":"closed","ping_status":"closed","template":"","meta":{"_acf_changed":false,"footnotes":""},"class_list":["post-279","page","type-page","status-publish","hentry"],"acf":[],"yoast_head":"<!-- This site is optimized with the Yoast SEO plugin v27.3 - https:\/\/yoast.com\/product\/yoast-seo-wordpress\/ -->\n<title>Data protection Policy | All Human<\/title>\n<meta name=\"robots\" content=\"noindex, follow\" \/>\n<meta property=\"og:locale\" content=\"en_US\" \/>\n<meta property=\"og:type\" content=\"article\" \/>\n<meta property=\"og:title\" content=\"Data protection Policy | All Human\" \/>\n<meta property=\"og:description\" content=\"Introduction With the development of new communication tools, it is necessary to pay particular attention to the protection of privacy. This is why we are committed to respecting the confidentiality of the personal information we collect. Glossary User: Internet user connecting, using the\u00a0www.allhuman.fr\u00a0website. Personal information: &#8220;information that allows, in any form whatsoever, directly or indirectly,... Read more &raquo;\" \/>\n<meta property=\"og:url\" content=\"https:\/\/www.allhuman.fr\/en\/data-protection-policy\/\" \/>\n<meta property=\"og:site_name\" content=\"All Human\" \/>\n<meta property=\"article:publisher\" content=\"https:\/\/www.facebook.com\/AllHumanspirit\" \/>\n<meta property=\"article:modified_time\" content=\"2021-06-30T09:54:50+00:00\" \/>\n<meta name=\"twitter:card\" content=\"summary_large_image\" \/>\n<meta name=\"twitter:label1\" content=\"Est. reading time\" \/>\n\t<meta name=\"twitter:data1\" content=\"9 minutes\" \/>\n<script type=\"application\/ld+json\" class=\"yoast-schema-graph\">{\"@context\":\"https:\\\/\\\/schema.org\",\"@graph\":[{\"@type\":\"WebPage\",\"@id\":\"https:\\\/\\\/www.allhuman.fr\\\/en\\\/data-protection-policy\\\/\",\"url\":\"https:\\\/\\\/www.allhuman.fr\\\/en\\\/data-protection-policy\\\/\",\"name\":\"Data protection Policy | All Human\",\"isPartOf\":{\"@id\":\"https:\\\/\\\/www.allhuman.fr\\\/en\\\/#website\"},\"datePublished\":\"2019-06-26T15:35:59+00:00\",\"dateModified\":\"2021-06-30T09:54:50+00:00\",\"breadcrumb\":{\"@id\":\"https:\\\/\\\/www.allhuman.fr\\\/en\\\/data-protection-policy\\\/#breadcrumb\"},\"inLanguage\":\"en-US\",\"potentialAction\":[{\"@type\":\"ReadAction\",\"target\":[\"https:\\\/\\\/www.allhuman.fr\\\/en\\\/data-protection-policy\\\/\"]}]},{\"@type\":\"BreadcrumbList\",\"@id\":\"https:\\\/\\\/www.allhuman.fr\\\/en\\\/data-protection-policy\\\/#breadcrumb\",\"itemListElement\":[{\"@type\":\"ListItem\",\"position\":1,\"name\":\"Accueil\",\"item\":\"https:\\\/\\\/www.allhuman.fr\\\/en\\\/\"},{\"@type\":\"ListItem\",\"position\":2,\"name\":\"Data protection Policy\"}]},{\"@type\":\"WebSite\",\"@id\":\"https:\\\/\\\/www.allhuman.fr\\\/en\\\/#website\",\"url\":\"https:\\\/\\\/www.allhuman.fr\\\/en\\\/\",\"name\":\"All Human\",\"description\":\"Des T-shirts color\u00e9s \u00e9thiques qui d\u00e9passent les fronti\u00e8res\",\"publisher\":{\"@id\":\"https:\\\/\\\/www.allhuman.fr\\\/en\\\/#organization\"},\"potentialAction\":[{\"@type\":\"SearchAction\",\"target\":{\"@type\":\"EntryPoint\",\"urlTemplate\":\"https:\\\/\\\/www.allhuman.fr\\\/en\\\/?s={search_term_string}\"},\"query-input\":{\"@type\":\"PropertyValueSpecification\",\"valueRequired\":true,\"valueName\":\"search_term_string\"}}],\"inLanguage\":\"en-US\"},{\"@type\":\"Organization\",\"@id\":\"https:\\\/\\\/www.allhuman.fr\\\/en\\\/#organization\",\"name\":\"All Human\",\"url\":\"https:\\\/\\\/www.allhuman.fr\\\/en\\\/\",\"logo\":{\"@type\":\"ImageObject\",\"inLanguage\":\"en-US\",\"@id\":\"https:\\\/\\\/www.allhuman.fr\\\/en\\\/#\\\/schema\\\/logo\\\/image\\\/\",\"url\":\"https:\\\/\\\/www.allhuman.fr\\\/wp-content\\\/uploads\\\/2019\\\/06\\\/logo-allhuman.png\",\"contentUrl\":\"https:\\\/\\\/www.allhuman.fr\\\/wp-content\\\/uploads\\\/2019\\\/06\\\/logo-allhuman.png\",\"width\":253,\"height\":45,\"caption\":\"All Human\"},\"image\":{\"@id\":\"https:\\\/\\\/www.allhuman.fr\\\/en\\\/#\\\/schema\\\/logo\\\/image\\\/\"},\"sameAs\":[\"https:\\\/\\\/www.facebook.com\\\/AllHumanspirit\",\"https:\\\/\\\/www.instagram.com\\\/nathaliefeucht\\\/\",\"https:\\\/\\\/www.pinterest.fr\\\/nathaliefeucht\\\/\"]}]}<\/script>\n<!-- \/ Yoast SEO plugin. -->","yoast_head_json":{"title":"Data protection Policy | All Human","robots":{"index":"noindex","follow":"follow"},"og_locale":"en_US","og_type":"article","og_title":"Data protection Policy | All Human","og_description":"Introduction With the development of new communication tools, it is necessary to pay particular attention to the protection of privacy. This is why we are committed to respecting the confidentiality of the personal information we collect. Glossary User: Internet user connecting, using the\u00a0www.allhuman.fr\u00a0website. Personal information: &#8220;information that allows, in any form whatsoever, directly or indirectly,... Read more &raquo;","og_url":"https:\/\/www.allhuman.fr\/en\/data-protection-policy\/","og_site_name":"All Human","article_publisher":"https:\/\/www.facebook.com\/AllHumanspirit","article_modified_time":"2021-06-30T09:54:50+00:00","twitter_card":"summary_large_image","twitter_misc":{"Est. reading time":"9 minutes"},"schema":{"@context":"https:\/\/schema.org","@graph":[{"@type":"WebPage","@id":"https:\/\/www.allhuman.fr\/en\/data-protection-policy\/","url":"https:\/\/www.allhuman.fr\/en\/data-protection-policy\/","name":"Data protection Policy | All Human","isPartOf":{"@id":"https:\/\/www.allhuman.fr\/en\/#website"},"datePublished":"2019-06-26T15:35:59+00:00","dateModified":"2021-06-30T09:54:50+00:00","breadcrumb":{"@id":"https:\/\/www.allhuman.fr\/en\/data-protection-policy\/#breadcrumb"},"inLanguage":"en-US","potentialAction":[{"@type":"ReadAction","target":["https:\/\/www.allhuman.fr\/en\/data-protection-policy\/"]}]},{"@type":"BreadcrumbList","@id":"https:\/\/www.allhuman.fr\/en\/data-protection-policy\/#breadcrumb","itemListElement":[{"@type":"ListItem","position":1,"name":"Accueil","item":"https:\/\/www.allhuman.fr\/en\/"},{"@type":"ListItem","position":2,"name":"Data protection Policy"}]},{"@type":"WebSite","@id":"https:\/\/www.allhuman.fr\/en\/#website","url":"https:\/\/www.allhuman.fr\/en\/","name":"All Human","description":"Des T-shirts color\u00e9s \u00e9thiques qui d\u00e9passent les fronti\u00e8res","publisher":{"@id":"https:\/\/www.allhuman.fr\/en\/#organization"},"potentialAction":[{"@type":"SearchAction","target":{"@type":"EntryPoint","urlTemplate":"https:\/\/www.allhuman.fr\/en\/?s={search_term_string}"},"query-input":{"@type":"PropertyValueSpecification","valueRequired":true,"valueName":"search_term_string"}}],"inLanguage":"en-US"},{"@type":"Organization","@id":"https:\/\/www.allhuman.fr\/en\/#organization","name":"All Human","url":"https:\/\/www.allhuman.fr\/en\/","logo":{"@type":"ImageObject","inLanguage":"en-US","@id":"https:\/\/www.allhuman.fr\/en\/#\/schema\/logo\/image\/","url":"https:\/\/www.allhuman.fr\/wp-content\/uploads\/2019\/06\/logo-allhuman.png","contentUrl":"https:\/\/www.allhuman.fr\/wp-content\/uploads\/2019\/06\/logo-allhuman.png","width":253,"height":45,"caption":"All Human"},"image":{"@id":"https:\/\/www.allhuman.fr\/en\/#\/schema\/logo\/image\/"},"sameAs":["https:\/\/www.facebook.com\/AllHumanspirit","https:\/\/www.instagram.com\/nathaliefeucht\/","https:\/\/www.pinterest.fr\/nathaliefeucht\/"]}]}},"_links":{"self":[{"href":"https:\/\/www.allhuman.fr\/en\/wp-json\/wp\/v2\/pages\/279","targetHints":{"allow":["GET"]}}],"collection":[{"href":"https:\/\/www.allhuman.fr\/en\/wp-json\/wp\/v2\/pages"}],"about":[{"href":"https:\/\/www.allhuman.fr\/en\/wp-json\/wp\/v2\/types\/page"}],"author":[{"embeddable":true,"href":"https:\/\/www.allhuman.fr\/en\/wp-json\/wp\/v2\/users\/1"}],"replies":[{"embeddable":true,"href":"https:\/\/www.allhuman.fr\/en\/wp-json\/wp\/v2\/comments?post=279"}],"version-history":[{"count":3,"href":"https:\/\/www.allhuman.fr\/en\/wp-json\/wp\/v2\/pages\/279\/revisions"}],"predecessor-version":[{"id":371,"href":"https:\/\/www.allhuman.fr\/en\/wp-json\/wp\/v2\/pages\/279\/revisions\/371"}],"wp:attachment":[{"href":"https:\/\/www.allhuman.fr\/en\/wp-json\/wp\/v2\/media?parent=279"}],"curies":[{"name":"wp","href":"https:\/\/api.w.org\/{rel}","templated":true}]}}