{"id":268,"date":"2019-06-27T14:52:02","date_gmt":"2019-06-27T12:52:02","guid":{"rendered":"https:\/\/www.allhuman.fr\/foire-aux-questions\/"},"modified":"2020-05-18T18:08:55","modified_gmt":"2020-05-18T16:08:55","slug":"faq","status":"publish","type":"page","link":"https:\/\/www.allhuman.fr\/en\/faq\/","title":{"rendered":"Frequently asked questions"},"content":{"rendered":"\n<p>A quick recap of the questions that come up most often.<\/p>\n\n<p>There are no silly questions, so do not hesitate to write us for any information or request at <a href=\"mailto:info@allhuman.fr\">info@allhuman.fr<\/a> or for any contact with our customer service at <a href=\"mailto:contact@allhuman.fr\">contact@allhuman.fr<\/a>.<\/p>\n\n<h2 class=\"wp-block-heading\">Do I have to register to buy All Human products online?<\/h2>\n\n<p>No, to buy on <a href=\"http:\/\/www.allhuman.fr\">www.allhuman.fr<\/a> we just need your basic contact information.<br\/>&#13;\nYour personal data is kept only for our customer file.<\/p>\n\n<h2 class=\"wp-block-heading\">How long will it take and where will I receive my order?<\/h2>\n\n<p>Your package will be sent by post in the morning following your order (excluding weekends and holidays).&#13;\nIt takes 2 to 4 days for metropolitan France.<\/p>\n\n<p>The order will be sent to the delivery address informed in the order form.&#13;\nThe cost and delivery time may depend on the country chosen when you finalize your order.<\/p>\n\n<h2 class=\"wp-block-heading\">Can I modify my order?<\/h2>\n\n<p>Unfortunately, we are not able to modify an order once it has been placed, whether it is to change the quantity or delete an item.<\/p>\n\n<p>You must return the item that is not suitable for you to receive a refund so that you can order the item you need.<\/p>\n\n<p>However, if you need to change the size or color of an item and the change request is made shortly after the order is placed, you can contact our customer service department. If the order has not yet been dispatched, we will only be able to intervene if the amount of the order remains the same.<\/p>\n\n<h2 class=\"wp-block-heading\">Can I cancel my order?<\/h2>\n\n<p>No, any finalized order can no longer be cancelled and will be debited from your account.&#13;\nHowever, you can contact our customer service. If the order has not yet been shipped, we can stop the shipment and proceed directly to a refund.<\/p>\n\n<h2 class=\"wp-block-heading\">What is the procedure for returning my item?<\/h2>\n\n<p>You have 14 days from receipt of the order to return any item to us.<\/p>\n\n<p>Products must be returned unworn, unwashed, undamaged, with their original labels and accompanied by a copy of your order. Products returned incomplete, damaged, deteriorated, soiled or having been used will not be refunded.<\/p>\n\n<p>Returns can only be made by post and the return costs are at your expense.<\/p>\n\n<p>If the original packaging is too damaged, you can use your own reinforced packaging.<\/p>\n\n<p>Items purchased during sales periods or during exceptional sales (sales, private sales, VIP sales, flash sales) or provided with a promotional code or a promotional offer, will not be refunded or exchanged.<\/p>\n\n<p>Returns should be sent to the following address:<\/p>\n\n<p>All Human<br\/>&#13;\n52 Rue de la Bruy\u00e8re<br\/>&#13;\n67400 Illkirch<br\/>&#13;\nFRANCE<\/p>\n\n<p>Once your package has been received and the items checked, we will refund the amount paid for the purchase of the item excluding shipping costs directly to the same payment method you used to pay for your order<\/p>\n\n<p>The refund period is approximately 14 days after receipt at our warehouse.<\/p>\n","protected":false},"excerpt":{"rendered":"<p>A quick recap of the questions that come up most often. There are no silly questions, so do not hesitate to write us for any information or request at info@allhuman.fr or for any contact with our customer service at contact@allhuman.fr. Do I have to register to buy All Human products online? No, to buy on&#8230;  <a class=\"excerpt-read-more\" href=\"https:\/\/www.allhuman.fr\/en\/faq\/\" title=\"Read Frequently asked questions\">Read more &raquo;<\/a><\/p>\n","protected":false},"author":1,"featured_media":0,"parent":0,"menu_order":0,"comment_status":"closed","ping_status":"closed","template":"","meta":{"_acf_changed":false,"footnotes":""},"class_list":["post-268","page","type-page","status-publish","hentry"],"acf":[],"yoast_head":"<!-- This site is optimized with the Yoast SEO plugin v27.3 - https:\/\/yoast.com\/product\/yoast-seo-wordpress\/ -->\n<title>Frequently asked questions | All Human<\/title>\n<meta name=\"robots\" content=\"index, follow, max-snippet:-1, max-image-preview:large, max-video-preview:-1\" \/>\n<link rel=\"canonical\" href=\"https:\/\/www.allhuman.fr\/en\/faq\/\" \/>\n<meta property=\"og:locale\" content=\"en_US\" \/>\n<meta property=\"og:type\" content=\"article\" \/>\n<meta property=\"og:title\" content=\"Frequently asked questions | All Human\" \/>\n<meta property=\"og:description\" content=\"A quick recap of the questions that come up most often. There are no silly questions, so do not hesitate to write us for any information or request at info@allhuman.fr or for any contact with our customer service at contact@allhuman.fr. Do I have to register to buy All Human products online? No, to buy on... Read more &raquo;\" \/>\n<meta property=\"og:url\" content=\"https:\/\/www.allhuman.fr\/en\/faq\/\" \/>\n<meta property=\"og:site_name\" content=\"All Human\" \/>\n<meta property=\"article:publisher\" content=\"https:\/\/www.facebook.com\/AllHumanspirit\" \/>\n<meta property=\"article:modified_time\" content=\"2020-05-18T16:08:55+00:00\" \/>\n<meta name=\"twitter:card\" content=\"summary_large_image\" \/>\n<meta name=\"twitter:label1\" content=\"Est. reading time\" \/>\n\t<meta name=\"twitter:data1\" content=\"2 minutes\" \/>\n<script type=\"application\/ld+json\" class=\"yoast-schema-graph\">{\"@context\":\"https:\\\/\\\/schema.org\",\"@graph\":[{\"@type\":\"WebPage\",\"@id\":\"https:\\\/\\\/www.allhuman.fr\\\/en\\\/faq\\\/\",\"url\":\"https:\\\/\\\/www.allhuman.fr\\\/en\\\/faq\\\/\",\"name\":\"Frequently asked questions | All Human\",\"isPartOf\":{\"@id\":\"https:\\\/\\\/www.allhuman.fr\\\/en\\\/#website\"},\"datePublished\":\"2019-06-27T12:52:02+00:00\",\"dateModified\":\"2020-05-18T16:08:55+00:00\",\"breadcrumb\":{\"@id\":\"https:\\\/\\\/www.allhuman.fr\\\/en\\\/faq\\\/#breadcrumb\"},\"inLanguage\":\"en-US\",\"potentialAction\":[{\"@type\":\"ReadAction\",\"target\":[\"https:\\\/\\\/www.allhuman.fr\\\/en\\\/faq\\\/\"]}]},{\"@type\":\"BreadcrumbList\",\"@id\":\"https:\\\/\\\/www.allhuman.fr\\\/en\\\/faq\\\/#breadcrumb\",\"itemListElement\":[{\"@type\":\"ListItem\",\"position\":1,\"name\":\"Accueil\",\"item\":\"https:\\\/\\\/www.allhuman.fr\\\/en\\\/\"},{\"@type\":\"ListItem\",\"position\":2,\"name\":\"Frequently asked questions\"}]},{\"@type\":\"WebSite\",\"@id\":\"https:\\\/\\\/www.allhuman.fr\\\/en\\\/#website\",\"url\":\"https:\\\/\\\/www.allhuman.fr\\\/en\\\/\",\"name\":\"All Human\",\"description\":\"Des T-shirts color\u00e9s \u00e9thiques qui d\u00e9passent les fronti\u00e8res\",\"publisher\":{\"@id\":\"https:\\\/\\\/www.allhuman.fr\\\/en\\\/#organization\"},\"potentialAction\":[{\"@type\":\"SearchAction\",\"target\":{\"@type\":\"EntryPoint\",\"urlTemplate\":\"https:\\\/\\\/www.allhuman.fr\\\/en\\\/?s={search_term_string}\"},\"query-input\":{\"@type\":\"PropertyValueSpecification\",\"valueRequired\":true,\"valueName\":\"search_term_string\"}}],\"inLanguage\":\"en-US\"},{\"@type\":\"Organization\",\"@id\":\"https:\\\/\\\/www.allhuman.fr\\\/en\\\/#organization\",\"name\":\"All Human\",\"url\":\"https:\\\/\\\/www.allhuman.fr\\\/en\\\/\",\"logo\":{\"@type\":\"ImageObject\",\"inLanguage\":\"en-US\",\"@id\":\"https:\\\/\\\/www.allhuman.fr\\\/en\\\/#\\\/schema\\\/logo\\\/image\\\/\",\"url\":\"https:\\\/\\\/www.allhuman.fr\\\/wp-content\\\/uploads\\\/2019\\\/06\\\/logo-allhuman.png\",\"contentUrl\":\"https:\\\/\\\/www.allhuman.fr\\\/wp-content\\\/uploads\\\/2019\\\/06\\\/logo-allhuman.png\",\"width\":253,\"height\":45,\"caption\":\"All Human\"},\"image\":{\"@id\":\"https:\\\/\\\/www.allhuman.fr\\\/en\\\/#\\\/schema\\\/logo\\\/image\\\/\"},\"sameAs\":[\"https:\\\/\\\/www.facebook.com\\\/AllHumanspirit\",\"https:\\\/\\\/www.instagram.com\\\/nathaliefeucht\\\/\",\"https:\\\/\\\/www.pinterest.fr\\\/nathaliefeucht\\\/\"]}]}<\/script>\n<!-- \/ Yoast SEO plugin. -->","yoast_head_json":{"title":"Frequently asked questions | All Human","robots":{"index":"index","follow":"follow","max-snippet":"max-snippet:-1","max-image-preview":"max-image-preview:large","max-video-preview":"max-video-preview:-1"},"canonical":"https:\/\/www.allhuman.fr\/en\/faq\/","og_locale":"en_US","og_type":"article","og_title":"Frequently asked questions | All Human","og_description":"A quick recap of the questions that come up most often. There are no silly questions, so do not hesitate to write us for any information or request at info@allhuman.fr or for any contact with our customer service at contact@allhuman.fr. Do I have to register to buy All Human products online? No, to buy on... Read more &raquo;","og_url":"https:\/\/www.allhuman.fr\/en\/faq\/","og_site_name":"All Human","article_publisher":"https:\/\/www.facebook.com\/AllHumanspirit","article_modified_time":"2020-05-18T16:08:55+00:00","twitter_card":"summary_large_image","twitter_misc":{"Est. reading time":"2 minutes"},"schema":{"@context":"https:\/\/schema.org","@graph":[{"@type":"WebPage","@id":"https:\/\/www.allhuman.fr\/en\/faq\/","url":"https:\/\/www.allhuman.fr\/en\/faq\/","name":"Frequently asked questions | All Human","isPartOf":{"@id":"https:\/\/www.allhuman.fr\/en\/#website"},"datePublished":"2019-06-27T12:52:02+00:00","dateModified":"2020-05-18T16:08:55+00:00","breadcrumb":{"@id":"https:\/\/www.allhuman.fr\/en\/faq\/#breadcrumb"},"inLanguage":"en-US","potentialAction":[{"@type":"ReadAction","target":["https:\/\/www.allhuman.fr\/en\/faq\/"]}]},{"@type":"BreadcrumbList","@id":"https:\/\/www.allhuman.fr\/en\/faq\/#breadcrumb","itemListElement":[{"@type":"ListItem","position":1,"name":"Accueil","item":"https:\/\/www.allhuman.fr\/en\/"},{"@type":"ListItem","position":2,"name":"Frequently asked questions"}]},{"@type":"WebSite","@id":"https:\/\/www.allhuman.fr\/en\/#website","url":"https:\/\/www.allhuman.fr\/en\/","name":"All Human","description":"Des T-shirts color\u00e9s \u00e9thiques qui d\u00e9passent les fronti\u00e8res","publisher":{"@id":"https:\/\/www.allhuman.fr\/en\/#organization"},"potentialAction":[{"@type":"SearchAction","target":{"@type":"EntryPoint","urlTemplate":"https:\/\/www.allhuman.fr\/en\/?s={search_term_string}"},"query-input":{"@type":"PropertyValueSpecification","valueRequired":true,"valueName":"search_term_string"}}],"inLanguage":"en-US"},{"@type":"Organization","@id":"https:\/\/www.allhuman.fr\/en\/#organization","name":"All Human","url":"https:\/\/www.allhuman.fr\/en\/","logo":{"@type":"ImageObject","inLanguage":"en-US","@id":"https:\/\/www.allhuman.fr\/en\/#\/schema\/logo\/image\/","url":"https:\/\/www.allhuman.fr\/wp-content\/uploads\/2019\/06\/logo-allhuman.png","contentUrl":"https:\/\/www.allhuman.fr\/wp-content\/uploads\/2019\/06\/logo-allhuman.png","width":253,"height":45,"caption":"All Human"},"image":{"@id":"https:\/\/www.allhuman.fr\/en\/#\/schema\/logo\/image\/"},"sameAs":["https:\/\/www.facebook.com\/AllHumanspirit","https:\/\/www.instagram.com\/nathaliefeucht\/","https:\/\/www.pinterest.fr\/nathaliefeucht\/"]}]}},"_links":{"self":[{"href":"https:\/\/www.allhuman.fr\/en\/wp-json\/wp\/v2\/pages\/268","targetHints":{"allow":["GET"]}}],"collection":[{"href":"https:\/\/www.allhuman.fr\/en\/wp-json\/wp\/v2\/pages"}],"about":[{"href":"https:\/\/www.allhuman.fr\/en\/wp-json\/wp\/v2\/types\/page"}],"author":[{"embeddable":true,"href":"https:\/\/www.allhuman.fr\/en\/wp-json\/wp\/v2\/users\/1"}],"replies":[{"embeddable":true,"href":"https:\/\/www.allhuman.fr\/en\/wp-json\/wp\/v2\/comments?post=268"}],"version-history":[{"count":0,"href":"https:\/\/www.allhuman.fr\/en\/wp-json\/wp\/v2\/pages\/268\/revisions"}],"wp:attachment":[{"href":"https:\/\/www.allhuman.fr\/en\/wp-json\/wp\/v2\/media?parent=268"}],"curies":[{"name":"wp","href":"https:\/\/api.w.org\/{rel}","templated":true}]}}