{"id":247,"date":"2019-06-27T14:51:01","date_gmt":"2019-06-27T12:51:01","guid":{"rendered":"https:\/\/www.allhuman.fr\/le-concept\/"},"modified":"2021-04-01T10:44:46","modified_gmt":"2021-04-01T08:44:46","slug":"brand-concept","status":"publish","type":"page","link":"https:\/\/www.allhuman.fr\/en\/brand-concept\/","title":{"rendered":"All Human: More than a brand, a way of thinking"},"content":{"rendered":"\n<div class=\"wp-block-columns has-2-columns is-layout-flex wp-container-core-columns-is-layout-9d6595d7 wp-block-columns-is-layout-flex\">\n<div class=\"wp-block-column is-layout-flow wp-block-column-is-layout-flow\">\n<figure class=\"wp-block-image\"><img loading=\"lazy\" decoding=\"async\" width=\"655\" height=\"947\" src=\"https:\/\/www.allhuman.fr\/wp-content\/uploads\/2019\/07\/nathalie-allhuman.jpg\" alt=\"Nathalie, brand designer of All Human brand\" class=\"wp-image-94\" srcset=\"https:\/\/www.allhuman.fr\/wp-content\/uploads\/2019\/07\/nathalie-allhuman.jpg 655w, https:\/\/www.allhuman.fr\/wp-content\/uploads\/2019\/07\/nathalie-allhuman-256x370.jpg 256w\" sizes=\"auto, (max-width: 655px) 100vw, 655px\" \/><figcaption><em>Nathalie, cr\u00e9atrice de mode pour All Human<\/em> <\/figcaption><\/figure>\n<\/div>\n\n\n\n<div class=\"wp-block-column blocTexte is-layout-flow wp-block-column-is-layout-flow\">\n<p class=\"has-text-align-center\">Hi,<\/p>\n\n\n\n<p class=\"has-text-align-left\">I\u2019m Nathalie and I\u2019m like you, a resident of planet Earth.<\/p>\n\n\n\n<p class=\"has-text-align-left\">No matter from where you read these lines and no matter what your culture, faith or melanin level is, you are a unique being, but we are all human.<\/p>\n\n\n\n<p class=\"has-text-align-left\">All Human is a way of being\u2026 A way of thinking\u2026 It\u2019s not a only a brand\u2026 It\u2019s me.\r\n\r\nAnd you ? Are you All Human ?<\/p>\n\n\n\n<p class=\"has-text-align-center has-large-font-size\">So choose your color and show me your <span class=\"harlow\">All Human <\/span> nature !<\/p>\n\n\n\n<div style=\"height:50px\" aria-hidden=\"true\" class=\"wp-block-spacer\"><\/div>\n\n\n\n<p class=\"has-text-align-center\">All Human also has a solidarity project.<\/p>\n\n\n\n<div class=\"wp-block-buttons is-content-justification-center is-layout-flex wp-block-buttons-is-layout-flex\">\n<div class=\"wp-block-button\"><a class=\"wp-block-button__link\" href=\"https:\/\/www.allhuman.fr\/en\/solidarity-project\/\">Read more<\/a><\/div>\n<\/div>\n<\/div>\n<\/div>\n","protected":false},"excerpt":{"rendered":"<p>Hi, I\u2019m Nathalie and I\u2019m like you, a resident of planet Earth. No matter from where you read these lines and no matter what your culture, faith or melanin level is, you are a unique being, but we are all human. All Human is a way of being\u2026 A way of thinking\u2026 It\u2019s not a&#8230;  <a class=\"excerpt-read-more\" href=\"https:\/\/www.allhuman.fr\/en\/brand-concept\/\" title=\"Read All Human: More than a brand, a way of thinking\">Read more &raquo;<\/a><\/p>\n","protected":false},"author":1,"featured_media":0,"parent":0,"menu_order":0,"comment_status":"closed","ping_status":"closed","template":"","meta":{"_acf_changed":false,"footnotes":""},"class_list":["post-247","page","type-page","status-publish","hentry"],"acf":[],"yoast_head":"<!-- This site is optimized with the Yoast SEO plugin v27.3 - https:\/\/yoast.com\/product\/yoast-seo-wordpress\/ -->\n<title>All Human: More than a brand, a way of thinking<\/title>\n<meta name=\"description\" content=\"All Human is a way of being\u2026 A way of thinking\u2026 It\u2019s not a only a brand\u2026 It\u2019s me. Discover All Human&#039;s brand concept!\" \/>\n<meta name=\"robots\" content=\"index, follow, max-snippet:-1, max-image-preview:large, max-video-preview:-1\" \/>\n<link rel=\"canonical\" href=\"https:\/\/www.allhuman.fr\/en\/brand-concept\/\" \/>\n<meta property=\"og:locale\" content=\"en_US\" \/>\n<meta property=\"og:type\" content=\"article\" \/>\n<meta property=\"og:title\" content=\"All Human: More than a brand, a way of thinking\" \/>\n<meta property=\"og:description\" content=\"All Human is a way of being\u2026 A way of thinking\u2026 It\u2019s not a only a brand\u2026 It\u2019s me. Discover All Human&#039;s brand concept!\" \/>\n<meta property=\"og:url\" content=\"https:\/\/www.allhuman.fr\/en\/brand-concept\/\" \/>\n<meta property=\"og:site_name\" content=\"All Human\" \/>\n<meta property=\"article:publisher\" content=\"https:\/\/www.facebook.com\/AllHumanspirit\" \/>\n<meta property=\"article:modified_time\" content=\"2021-04-01T08:44:46+00:00\" \/>\n<meta property=\"og:image\" content=\"https:\/\/www.allhuman.fr\/wp-content\/uploads\/2019\/07\/nathalie-allhuman.jpg\" \/>\n<meta name=\"twitter:card\" content=\"summary_large_image\" \/>\n<meta name=\"twitter:label1\" content=\"Est. reading time\" \/>\n\t<meta name=\"twitter:data1\" content=\"1 minute\" \/>\n<script type=\"application\/ld+json\" class=\"yoast-schema-graph\">{\"@context\":\"https:\\\/\\\/schema.org\",\"@graph\":[{\"@type\":\"WebPage\",\"@id\":\"https:\\\/\\\/www.allhuman.fr\\\/en\\\/brand-concept\\\/\",\"url\":\"https:\\\/\\\/www.allhuman.fr\\\/en\\\/brand-concept\\\/\",\"name\":\"All Human: More than a brand, a way of thinking\",\"isPartOf\":{\"@id\":\"https:\\\/\\\/www.allhuman.fr\\\/en\\\/#website\"},\"primaryImageOfPage\":{\"@id\":\"https:\\\/\\\/www.allhuman.fr\\\/en\\\/brand-concept\\\/#primaryimage\"},\"image\":{\"@id\":\"https:\\\/\\\/www.allhuman.fr\\\/en\\\/brand-concept\\\/#primaryimage\"},\"thumbnailUrl\":\"https:\\\/\\\/www.allhuman.fr\\\/wp-content\\\/uploads\\\/2019\\\/07\\\/nathalie-allhuman.jpg\",\"datePublished\":\"2019-06-27T12:51:01+00:00\",\"dateModified\":\"2021-04-01T08:44:46+00:00\",\"description\":\"All Human is a way of being\u2026 A way of thinking\u2026 It\u2019s not a only a brand\u2026 It\u2019s me. Discover All Human's brand concept!\",\"breadcrumb\":{\"@id\":\"https:\\\/\\\/www.allhuman.fr\\\/en\\\/brand-concept\\\/#breadcrumb\"},\"inLanguage\":\"en-US\",\"potentialAction\":[{\"@type\":\"ReadAction\",\"target\":[\"https:\\\/\\\/www.allhuman.fr\\\/en\\\/brand-concept\\\/\"]}]},{\"@type\":\"ImageObject\",\"inLanguage\":\"en-US\",\"@id\":\"https:\\\/\\\/www.allhuman.fr\\\/en\\\/brand-concept\\\/#primaryimage\",\"url\":\"https:\\\/\\\/www.allhuman.fr\\\/wp-content\\\/uploads\\\/2019\\\/07\\\/nathalie-allhuman.jpg\",\"contentUrl\":\"https:\\\/\\\/www.allhuman.fr\\\/wp-content\\\/uploads\\\/2019\\\/07\\\/nathalie-allhuman.jpg\"},{\"@type\":\"BreadcrumbList\",\"@id\":\"https:\\\/\\\/www.allhuman.fr\\\/en\\\/brand-concept\\\/#breadcrumb\",\"itemListElement\":[{\"@type\":\"ListItem\",\"position\":1,\"name\":\"Accueil\",\"item\":\"https:\\\/\\\/www.allhuman.fr\\\/en\\\/\"},{\"@type\":\"ListItem\",\"position\":2,\"name\":\"All Human: More than a brand, a way of thinking\"}]},{\"@type\":\"WebSite\",\"@id\":\"https:\\\/\\\/www.allhuman.fr\\\/en\\\/#website\",\"url\":\"https:\\\/\\\/www.allhuman.fr\\\/en\\\/\",\"name\":\"All Human\",\"description\":\"Des T-shirts color\u00e9s \u00e9thiques qui d\u00e9passent les fronti\u00e8res\",\"publisher\":{\"@id\":\"https:\\\/\\\/www.allhuman.fr\\\/en\\\/#organization\"},\"potentialAction\":[{\"@type\":\"SearchAction\",\"target\":{\"@type\":\"EntryPoint\",\"urlTemplate\":\"https:\\\/\\\/www.allhuman.fr\\\/en\\\/?s={search_term_string}\"},\"query-input\":{\"@type\":\"PropertyValueSpecification\",\"valueRequired\":true,\"valueName\":\"search_term_string\"}}],\"inLanguage\":\"en-US\"},{\"@type\":\"Organization\",\"@id\":\"https:\\\/\\\/www.allhuman.fr\\\/en\\\/#organization\",\"name\":\"All Human\",\"url\":\"https:\\\/\\\/www.allhuman.fr\\\/en\\\/\",\"logo\":{\"@type\":\"ImageObject\",\"inLanguage\":\"en-US\",\"@id\":\"https:\\\/\\\/www.allhuman.fr\\\/en\\\/#\\\/schema\\\/logo\\\/image\\\/\",\"url\":\"https:\\\/\\\/www.allhuman.fr\\\/wp-content\\\/uploads\\\/2019\\\/06\\\/logo-allhuman.png\",\"contentUrl\":\"https:\\\/\\\/www.allhuman.fr\\\/wp-content\\\/uploads\\\/2019\\\/06\\\/logo-allhuman.png\",\"width\":253,\"height\":45,\"caption\":\"All Human\"},\"image\":{\"@id\":\"https:\\\/\\\/www.allhuman.fr\\\/en\\\/#\\\/schema\\\/logo\\\/image\\\/\"},\"sameAs\":[\"https:\\\/\\\/www.facebook.com\\\/AllHumanspirit\",\"https:\\\/\\\/www.instagram.com\\\/nathaliefeucht\\\/\",\"https:\\\/\\\/www.pinterest.fr\\\/nathaliefeucht\\\/\"]}]}<\/script>\n<!-- \/ Yoast SEO plugin. -->","yoast_head_json":{"title":"All Human: More than a brand, a way of thinking","description":"All Human is a way of being\u2026 A way of thinking\u2026 It\u2019s not a only a brand\u2026 It\u2019s me. Discover All Human's brand concept!","robots":{"index":"index","follow":"follow","max-snippet":"max-snippet:-1","max-image-preview":"max-image-preview:large","max-video-preview":"max-video-preview:-1"},"canonical":"https:\/\/www.allhuman.fr\/en\/brand-concept\/","og_locale":"en_US","og_type":"article","og_title":"All Human: More than a brand, a way of thinking","og_description":"All Human is a way of being\u2026 A way of thinking\u2026 It\u2019s not a only a brand\u2026 It\u2019s me. Discover All Human's brand concept!","og_url":"https:\/\/www.allhuman.fr\/en\/brand-concept\/","og_site_name":"All Human","article_publisher":"https:\/\/www.facebook.com\/AllHumanspirit","article_modified_time":"2021-04-01T08:44:46+00:00","og_image":[{"url":"https:\/\/www.allhuman.fr\/wp-content\/uploads\/2019\/07\/nathalie-allhuman.jpg","type":"","width":"","height":""}],"twitter_card":"summary_large_image","twitter_misc":{"Est. reading time":"1 minute"},"schema":{"@context":"https:\/\/schema.org","@graph":[{"@type":"WebPage","@id":"https:\/\/www.allhuman.fr\/en\/brand-concept\/","url":"https:\/\/www.allhuman.fr\/en\/brand-concept\/","name":"All Human: More than a brand, a way of thinking","isPartOf":{"@id":"https:\/\/www.allhuman.fr\/en\/#website"},"primaryImageOfPage":{"@id":"https:\/\/www.allhuman.fr\/en\/brand-concept\/#primaryimage"},"image":{"@id":"https:\/\/www.allhuman.fr\/en\/brand-concept\/#primaryimage"},"thumbnailUrl":"https:\/\/www.allhuman.fr\/wp-content\/uploads\/2019\/07\/nathalie-allhuman.jpg","datePublished":"2019-06-27T12:51:01+00:00","dateModified":"2021-04-01T08:44:46+00:00","description":"All Human is a way of being\u2026 A way of thinking\u2026 It\u2019s not a only a brand\u2026 It\u2019s me. Discover All Human's brand concept!","breadcrumb":{"@id":"https:\/\/www.allhuman.fr\/en\/brand-concept\/#breadcrumb"},"inLanguage":"en-US","potentialAction":[{"@type":"ReadAction","target":["https:\/\/www.allhuman.fr\/en\/brand-concept\/"]}]},{"@type":"ImageObject","inLanguage":"en-US","@id":"https:\/\/www.allhuman.fr\/en\/brand-concept\/#primaryimage","url":"https:\/\/www.allhuman.fr\/wp-content\/uploads\/2019\/07\/nathalie-allhuman.jpg","contentUrl":"https:\/\/www.allhuman.fr\/wp-content\/uploads\/2019\/07\/nathalie-allhuman.jpg"},{"@type":"BreadcrumbList","@id":"https:\/\/www.allhuman.fr\/en\/brand-concept\/#breadcrumb","itemListElement":[{"@type":"ListItem","position":1,"name":"Accueil","item":"https:\/\/www.allhuman.fr\/en\/"},{"@type":"ListItem","position":2,"name":"All Human: More than a brand, a way of thinking"}]},{"@type":"WebSite","@id":"https:\/\/www.allhuman.fr\/en\/#website","url":"https:\/\/www.allhuman.fr\/en\/","name":"All Human","description":"Des T-shirts color\u00e9s \u00e9thiques qui d\u00e9passent les fronti\u00e8res","publisher":{"@id":"https:\/\/www.allhuman.fr\/en\/#organization"},"potentialAction":[{"@type":"SearchAction","target":{"@type":"EntryPoint","urlTemplate":"https:\/\/www.allhuman.fr\/en\/?s={search_term_string}"},"query-input":{"@type":"PropertyValueSpecification","valueRequired":true,"valueName":"search_term_string"}}],"inLanguage":"en-US"},{"@type":"Organization","@id":"https:\/\/www.allhuman.fr\/en\/#organization","name":"All Human","url":"https:\/\/www.allhuman.fr\/en\/","logo":{"@type":"ImageObject","inLanguage":"en-US","@id":"https:\/\/www.allhuman.fr\/en\/#\/schema\/logo\/image\/","url":"https:\/\/www.allhuman.fr\/wp-content\/uploads\/2019\/06\/logo-allhuman.png","contentUrl":"https:\/\/www.allhuman.fr\/wp-content\/uploads\/2019\/06\/logo-allhuman.png","width":253,"height":45,"caption":"All Human"},"image":{"@id":"https:\/\/www.allhuman.fr\/en\/#\/schema\/logo\/image\/"},"sameAs":["https:\/\/www.facebook.com\/AllHumanspirit","https:\/\/www.instagram.com\/nathaliefeucht\/","https:\/\/www.pinterest.fr\/nathaliefeucht\/"]}]}},"_links":{"self":[{"href":"https:\/\/www.allhuman.fr\/en\/wp-json\/wp\/v2\/pages\/247","targetHints":{"allow":["GET"]}}],"collection":[{"href":"https:\/\/www.allhuman.fr\/en\/wp-json\/wp\/v2\/pages"}],"about":[{"href":"https:\/\/www.allhuman.fr\/en\/wp-json\/wp\/v2\/types\/page"}],"author":[{"embeddable":true,"href":"https:\/\/www.allhuman.fr\/en\/wp-json\/wp\/v2\/users\/1"}],"replies":[{"embeddable":true,"href":"https:\/\/www.allhuman.fr\/en\/wp-json\/wp\/v2\/comments?post=247"}],"version-history":[{"count":2,"href":"https:\/\/www.allhuman.fr\/en\/wp-json\/wp\/v2\/pages\/247\/revisions"}],"predecessor-version":[{"id":347,"href":"https:\/\/www.allhuman.fr\/en\/wp-json\/wp\/v2\/pages\/247\/revisions\/347"}],"wp:attachment":[{"href":"https:\/\/www.allhuman.fr\/en\/wp-json\/wp\/v2\/media?parent=247"}],"curies":[{"name":"wp","href":"https:\/\/api.w.org\/{rel}","templated":true}]}}